{"id":43469,"date":"2022-10-13T15:10:44","date_gmt":"2022-10-13T13:10:44","guid":{"rendered":"https:\/\/www.khatod.com\/privacy-policy\/"},"modified":"2023-05-17T15:57:23","modified_gmt":"2023-05-17T13:57:23","slug":"privacy-policy","status":"publish","type":"page","link":"https:\/\/www.khatod.com\/fr\/privacy-policy\/","title":{"rendered":"Privacy Policy"},"content":{"rendered":"\t\t<div data-elementor-type=\"wp-page\" data-elementor-id=\"43469\" class=\"elementor elementor-43469 elementor-3\" data-elementor-post-type=\"page\">\n\t\t\t\t\t\t<section class=\"ob-is-breaking-bad elementor-section elementor-top-section elementor-element elementor-element-51f6837 elementor-section-full_width elementor-section-height-min-height elementor-section-height-default elementor-section-items-middle\" data-dce-background-overlay-color=\"#000000\" data-dce-background-image-url=\"https:\/\/www.khatod.com\/wp-content\/uploads\/Scorri-gruppo-21.png\" data-id=\"51f6837\" data-element_type=\"section\" data-settings=\"{&quot;background_background&quot;:&quot;classic&quot;,&quot;_ob_bbad_use_it&quot;:&quot;yes&quot;,&quot;_ob_bbad_sssic_use&quot;:&quot;no&quot;,&quot;_ob_glider_is_slider&quot;:&quot;no&quot;}\">\n\t\t\t\t\t\t\t<div class=\"elementor-background-overlay\"><\/div>\n\t\t\t\t\t\t\t<div class=\"elementor-container elementor-column-gap-no\">\n\t\t\t\t\t<div class=\"elementor-column elementor-col-100 elementor-top-column elementor-element elementor-element-ab6ffbc\" data-id=\"ab6ffbc\" data-element_type=\"column\" data-settings=\"{&quot;_ob_bbad_is_stalker&quot;:&quot;no&quot;,&quot;_ob_teleporter_use&quot;:false,&quot;_ob_column_hoveranimator&quot;:&quot;no&quot;,&quot;_ob_column_has_pseudo&quot;:&quot;no&quot;}\">\n\t\t\t<div class=\"elementor-widget-wrap elementor-element-populated\">\n\t\t\t\t\t\t<div class=\"elementor-element elementor-element-76cd711 ob-harakiri-inherit ob-has-background-overlay elementor-widget elementor-widget-heading\" data-id=\"76cd711\" data-element_type=\"widget\" data-settings=\"{&quot;_ob_use_harakiri&quot;:&quot;yes&quot;,&quot;_ob_harakiri_writing_mode&quot;:&quot;inherit&quot;,&quot;_ob_harakiri_text_clip&quot;:&quot;none&quot;,&quot;_ob_perspektive_use&quot;:&quot;no&quot;,&quot;_ob_poopart_use&quot;:&quot;yes&quot;,&quot;_ob_shadough_use&quot;:&quot;no&quot;,&quot;_ob_allow_hoveranimator&quot;:&quot;no&quot;,&quot;_ob_widget_stalker_use&quot;:&quot;no&quot;}\" data-widget_type=\"heading.default\">\n\t\t\t\t<div class=\"elementor-widget-container\">\n\t\t\t<h1 class=\"elementor-heading-title elementor-size-default\">Privacy policy<\/h1>\t\t<\/div>\n\t\t\t\t<\/div>\n\t\t\t\t<div class=\"elementor-element elementor-element-609a4b7 elementor-align-center ob-has-background-overlay elementor-widget elementor-widget-breadcrumbs\" data-id=\"609a4b7\" data-element_type=\"widget\" data-settings=\"{&quot;_ob_perspektive_use&quot;:&quot;no&quot;,&quot;_ob_poopart_use&quot;:&quot;yes&quot;,&quot;_ob_shadough_use&quot;:&quot;no&quot;,&quot;_ob_allow_hoveranimator&quot;:&quot;no&quot;,&quot;_ob_widget_stalker_use&quot;:&quot;no&quot;}\" data-widget_type=\"breadcrumbs.default\">\n\t\t\t\t<div class=\"elementor-widget-container\">\n\t\t\t<p id=\"breadcrumbs\"><span><span><a href=\"https:\/\/www.khatod.com\/fr\/\">Home<\/a><\/span><\/span><\/p>\t\t<\/div>\n\t\t\t\t<\/div>\n\t\t\t\t\t<\/div>\n\t\t<\/div>\n\t\t\t\t\t<\/div>\n\t\t<\/section>\n\t\t\t\t<section class=\"ob-is-breaking-bad elementor-section elementor-top-section elementor-element elementor-element-37e12d4e elementor-section-boxed elementor-section-height-default elementor-section-height-default\" data-id=\"37e12d4e\" data-element_type=\"section\" data-settings=\"{&quot;_ob_bbad_use_it&quot;:&quot;yes&quot;,&quot;_ob_bbad_sssic_use&quot;:&quot;no&quot;,&quot;_ob_glider_is_slider&quot;:&quot;no&quot;}\">\n\t\t\t\t\t\t<div class=\"elementor-container elementor-column-gap-default\">\n\t\t\t\t\t<div class=\"elementor-column elementor-col-100 elementor-top-column elementor-element elementor-element-1f03002b\" data-id=\"1f03002b\" data-element_type=\"column\" data-settings=\"{&quot;_ob_bbad_is_stalker&quot;:&quot;no&quot;,&quot;_ob_teleporter_use&quot;:false,&quot;_ob_column_hoveranimator&quot;:&quot;no&quot;,&quot;_ob_column_has_pseudo&quot;:&quot;no&quot;}\">\n\t\t\t<div class=\"elementor-widget-wrap elementor-element-populated\">\n\t\t\t\t\t\t<div class=\"elementor-element elementor-element-133b2651 ob-harakiri-inherit ob-has-background-overlay elementor-widget elementor-widget-text-editor\" data-id=\"133b2651\" data-element_type=\"widget\" data-settings=\"{&quot;_ob_use_harakiri&quot;:&quot;yes&quot;,&quot;_ob_harakiri_writing_mode&quot;:&quot;inherit&quot;,&quot;_ob_postman_use&quot;:&quot;no&quot;,&quot;_ob_perspektive_use&quot;:&quot;no&quot;,&quot;_ob_poopart_use&quot;:&quot;yes&quot;,&quot;_ob_shadough_use&quot;:&quot;no&quot;,&quot;_ob_allow_hoveranimator&quot;:&quot;no&quot;,&quot;_ob_widget_stalker_use&quot;:&quot;no&quot;}\" data-widget_type=\"text-editor.default\">\n\t\t\t\t<div class=\"elementor-widget-container\">\n\t\t\t\t\t\t\t<h2>Privacy Policy secondo il Regolamento UE 2016\/679 (GDPR)<\/h2>\r\nKhatod Optoelectronic Srl in qualit\u00e0 di Titolare del Trattamento, informa che per l\u2019instaurazione e l\u2019esecuzione dei rapporti contrattuali in essere \u00e8 in possesso di alcuni dati anagrafici e fiscali, acquisiti anche verbalmente, direttamente o tramite terzi, qualificati dal Regolamento Europeo 2016\/679 dal (GDPR) come dati personali, esclusivamente per la gestione fiscale e amministrativa dei rapporti contrattuali in essere.\r\n\r\nSecondo la normativa indicata, tale Trattamento sar\u00e0 improntato ai principi di correttezza, liceit\u00e0, trasparenza e di tutela della riservatezza e dei diritti.\r\n\r\nInoltre, Khatod Optoelectronic Srl \u00e8 Responsabile del Trattamento, per l\u2019erogazione dei beni e dei servizi specifici relativi alla progettazione, produzione e fornitura di ottiche secondarie per Illuminazione a LED. Tale Trattamento \u00e8 obbligatorio per l\u2019espletamento del servizio richiesto nonch\u00e9 previsto dalle norme in materia di sicurezza del Trattamento dei dati stessi.\r\n\r\nTale Responsabilit\u00e0 sar\u00e0 formalizzata attraverso specifica Nomina di Incarico.\r\n\r\nCon riferimento a tali dati vi informiamo che:\r\n<ul>\r\n \t<li>i dati vengono trattati in relazione alle esigenze contrattuali pre e post erogazione del servizio ed ai conseguenti adempimenti degli obblighi legali e contrattuali derivanti da formulazione di preventivi e relativa erogazione di servizi;<\/li>\r\n \t<li>il conferimento dei dati \u00e8 obbligatorio per tutto quanto precedentemente descritto e finalizzato alla gestione del rapporto contrattuale. Pertanto, l\u2019eventuale rifiuto a fornirli o al successivo trattamento degli stessi, potr\u00e0 determinare l\u2019impossibilit\u00e0 di Khatod Optoelectronic Srl ad eseguire i rapporti contrattuali medesimi;<\/li>\r\n \t<li>Il Trattamento dei dati \u00e8 effettuato da personale autorizzato e specializzato, in base a principi di correttezza, liceit\u00e0, trasparenza e tutela della privacy, nel pieno rispetto del Regolamento. I dati, sia digitali che cartacei, sono archiviati nel nostro archivio e Khatod Optoelectronic Srl applica tutte le misure di tutela e i sistemi di sicurezza necessari per garantire la protezione, la riservatezza e l&#8217;integrit\u00e0 dei dati;<\/li>\r\n \t<li>Gli stessi verranno trattati per tutta la durata dei rapporti contrattuali instaurati e anche successivamente per l\u2019espletamento di tutti gli adempimenti di legge;<\/li>\r\n \t<li>I dati verranno trattati all\u2019interno e, all\u2019occorrenza, all\u2019esterno dell\u2019Unione Europea. Il Titolare del Trattamento assicura fin da ora che l\u2019eventuale trasferimento dei dati Extra UE, avverr\u00e0 in conformit\u00e0 alle disposizioni di legge applicabili;<\/li>\r\n \t<li>Khatod Optoelectronic Srl garantisce che le soluzioni software utilizzate sono pienamente allineate ai requisiti dettati dal GDPR;<\/li>\r\n \t<li>L\u2019interessato potr\u00e0 in ogni momento verificare i diritti previsti dagli artt. da 15 a 22 Regolamenti UE 2016\/679 allegati al seguente documento nella sezione: DIRITTI DELL\u2019INTERESSATO;<\/li>\r\n \t<li>I dati trattati saranno conservati presso Khatod Optoelectronic Srl con sede in Via Alessandrina 25, 20095 Cusano Milanino, Milano \u2013 E-Mail: privacy@khatod.com.<\/li>\r\n<\/ul>\r\n<h3><\/h3>\r\n&nbsp;\r\n<h3>Diritti dell\u2019interessato<\/h3>\r\nArt. da 15 a 22 Regolamenti UE 2016\/679\r\n\r\nArticolo 15 \u2013 Diritto di accesso dell\u2019interessato\r\n<ol>\r\n \t<li>L\u2019interessato ha il diritto di ottenere dal titolare del trattamento la conferma che sia o meno in corso un trattamento di dati personali che lo riguardano e in tal caso, di ottenere l\u2019accesso ai dati personali e alle seguenti informazioni:<\/li>\r\n<\/ol>\r\n(a). le finalit\u00e0 del trattamento;\r\n\r\n(b). le categorie di dati personali in questione;\r\n\r\n(c). i destinatari o le categorie di destinatari a cui i dati personali sono stati o saranno comunicati, in particolare se destinatari di paesi terzi o organizzazioni internazionali;\r\n\r\n(d). quando possibile, il periodo di conservazione dei dati personali previsto oppure, se non \u00e8 possibile, i criteri utilizzati per determinare tale periodo;\r\n\r\n(e). l\u2019esistenza del diritto dell\u2019interessato di chiedere al titolare del trattamento la rettifica o la cancellazione dei dati personali o la limitazione del trattamento dei dati personali che lo riguardano o di opporsi al loro trattamento;\r\n\r\n(f). il diritto di proporre reclamo a un\u2019autorit\u00e0 di controllo;\r\n\r\n(g). qualora i dati non siano raccolti presso l\u2019interessato, tutte le informazioni disponibili sulla loro origine;\r\n\r\n(h). l\u2019esistenza di un processo decisionale automatizzato, compresa la profilazione di cui all\u2019articolo 22, paragrafi 1 e 4, e, almeno in tali casi, informazioni significative sulla logica utilizzata, nonch\u00e9 l\u2019importanza e le conseguenze previste di tale trattamento per l\u2019interessato.\r\n<ol start=\"2\">\r\n \t<li>Qualora i dati personali siano trasferiti a un paese terzo o a un\u2019organizzazione internazionale, l\u2019interessato ha il diritto di essere informato dell\u2019esistenza di garanzie adeguate ai sensi dell\u2019articolo 46 relative al trasferimento.<\/li>\r\n \t<li>Il titolare del trattamento fornisce una copia dei dati personali oggetto di trattamento. In caso di ulteriori copie richieste dall\u2019interessato, il titolare del trattamento pu\u00f2 addebitare un contributo spese ragionevole basato sui costi amministrativi. Se l\u2019interessato presenta la richiesta mediante mezzi elettronici, e salvo indicazione diversa dell\u2019interessato, le informazioni sono fornite in un formato elettronico di uso comune.<\/li>\r\n \t<li>Il diritto di ottenere una copia di cui al paragrafo 3 non deve ledere i diritti e le libert\u00e0 altrui.<\/li>\r\n<\/ol>\r\n&nbsp;\r\n\r\n<strong>Articolo 16 \u2013 Diritto di rettifica<\/strong>\r\n\r\nL\u2019interessato ha il diritto di ottenere dal titolare del trattamento la rettifica dei dati personali inesatti che lo riguardano senza ingiustificato ritardo. Tenuto conto delle finalit\u00e0 del trattamento, l\u2019interessato ha il diritto di ottenere l\u2019integrazione dei dati personali incompleti, anche fornendo una dichiarazione integrativa.\r\n\r\n&nbsp;\r\n\r\n<strong>Articolo 17 \u2013 Diritto alla cancellazione (\u00abdiritto all\u2019oblio\u00bb)<\/strong>\r\n<ol>\r\n \t<li>L\u2019interessato ha il diritto di ottenere dal titolare del trattamento la cancellazione dei dati personali che lo riguardano senza ingiustificato ritardo e il titolare del trattamento ha l\u2019obbligo di cancellare senza ingiustificato ritardo i dati personali, se sussiste uno dei motivi seguenti:<\/li>\r\n<\/ol>\r\n(a). i dati personali non sono pi\u00f9 necessari rispetto alle finalit\u00e0 per le quali sono stati raccolti o altrimenti trattati;\r\n\r\n(b). l\u2019interessato revoca il consenso su cui si basa il trattamento conformemente all\u2019articolo 6, paragrafo 1, lettera a), o all\u2019articolo 9, paragrafo 2, lettera a), e se non sussiste altro fondamento giuridico per il trattamento;\r\n\r\n(c). l\u2019interessato si oppone al trattamento ai sensi dell\u2019articolo 21, paragrafo 1, e non sussiste alcun motivo legittimo prevalente per procedere al trattamento, oppure si oppone al trattamento ai sensi dell\u2019articolo 21, paragrafo 2;\r\n\r\n(d). i dati personali sono stati trattati illecitamente;\r\n\r\n(e). i dati personali devono essere cancellati per adempiere un obbligo legale previsto dal diritto dell\u2019Unione o dello Stato membro cui \u00e8 soggetto il titolare del trattamento;\r\n\r\n(f). i dati personali sono stati raccolti relativamente all\u2019offerta di servizi della societ\u00e0 dell\u2019informazione di cui all\u2019articolo 8, paragrafo 1.\r\n<ol start=\"2\">\r\n \t<li>Il titolare del trattamento, se ha reso pubblici dati personali ed \u00e8 obbligato, ai sensi del paragrafo 1, a cancellarli, tenendo conto della tecnologia disponibile e dei costi di attuazione adotta le misure ragionevoli, anche tecniche, per informare i titolari del trattamento che stanno trattando i dati personali della richiesta dell\u2019interessato di cancellare qualsiasi link, copia o riproduzione dei suoi dati personali.<\/li>\r\n \t<li>I paragrafi 1 e 2 non si applicano nella misura in cui il trattamento sia necessario:<\/li>\r\n<\/ol>\r\n(a). per l\u2019esercizio del diritto alla libert\u00e0 di espressione e di informazione;\r\n\r\n(b). per l\u2019adempimento di un obbligo legale che richieda il trattamento previsto dal diritto dell\u2019Unione o dello Stato membro cui \u00e8 soggetto il titolare del trattamento o per l\u2019esecuzione di un compito svolto nel pubblico interesse oppure nell\u2019esercizio di pubblici poteri di cui \u00e8 investito il titolare del trattamento;\r\n\r\n(c). per motivi di interesse pubblico nel settore della sanit\u00e0 pubblica in conformit\u00e0 dell\u2019articolo 9, paragrafo 2, lettere h) e i), e dell\u2019articolo 9, paragrafo 3;\r\n\r\n(d). a fini di archiviazione nel pubblico interesse, di ricerca scientifica o storica o a fini statistici conformemente all\u2019articolo 89, paragrafo 1, nella misura in cui il diritto di cui al paragrafo 1 rischi di rendere impossibile o di pregiudicare gravemente il conseguimento degli obiettivi di tale trattamento;\r\n\r\n(e). per l\u2019accertamento, l\u2019esercizio o la difesa di un diritto in sede giudiziaria.\r\n\r\n&nbsp;\r\n\r\n<strong>Articolo 18 \u2013 Diritto di limitazione di trattamento<\/strong>\r\n<ol>\r\n \t<li>L\u2019interessato ha il diritto di ottenere dal titolare del trattamento la limitazione del trattamento quando ricorre una delle seguenti ipotesi:<\/li>\r\n<\/ol>\r\n(a). l\u2019interessato contesta l\u2019esattezza dei dati personali, per il periodo necessario al titolare del trattamento per verificare l\u2019esattezza di tali dati personali;\r\n\r\n(b). il trattamento \u00e8 illecito e l\u2019interessato si oppone alla cancellazione dei dati personali e chiede invece che ne sia limitato l\u2019utilizzo;\r\n\r\n(c). bench\u00e9 il titolare del trattamento non ne abbia pi\u00f9 bisogno ai fini del trattamento, i dati personali sono necessari all\u2019interessato per l\u2019accertamento, l\u2019esercizio o la difesa di un diritto in sede giudiziaria;\r\n\r\n(d). l\u2019interessato si \u00e8 opposto al trattamento ai sensi dell\u2019articolo 21, paragrafo 1, in attesa della verifica in merito all\u2019eventuale prevalenza dei motivi legittimi del titolare del trattamento rispetto a quelli dell\u2019interessato.\r\n<ol start=\"2\">\r\n \t<li>Se il trattamento \u00e8 limitato a norma del paragrafo 1, tali dati personali sono trattati, salvo che per la conservazione, soltanto con il consenso dell\u2019interessato o per l\u2019accertamento, l\u2019esercizio o la difesa di un diritto in sede giudiziaria oppure per tutelare i diritti di un\u2019altra persona fisica o giuridica o per motivi di interesse pubblico rilevante dell\u2019Unione o di uno Stato membro.<\/li>\r\n \t<li>L\u2019interessato che ha ottenuto la limitazione del trattamento a norma del paragrafo 1 \u00e8 informato dal titolare del trattamento prima che detta limitazione sia revocata.<\/li>\r\n<\/ol>\r\n&nbsp;\r\n\r\n<strong>Articolo 19 \u2013 Obbligo di notifica in caso di rettifica o cancellazione dei dati personali o limitazione del trattamento<\/strong>\r\n\r\nL\u2019interessato ha il diritto di ottenere dal titolare del trattamento la rettifica dei dati personali inesatti che lo riguardano senza ingiustificato ritardo. Tenuto conto delle finalit\u00e0 del trattamento, l\u2019interessato ha il diritto di ottenere l\u2019integrazione dei dati personali incompleti, anche fornendo una dichiarazione integrativa.\r\n\r\n&nbsp;\r\n\r\n<strong>Articolo 20 \u2013 Diritto alla portabilit\u00e0 dei dati<\/strong>\r\n\r\nIl titolare del trattamento comunica a ciascuno dei destinatari cui sono stati trasmessi i dati personali le eventuali rettifiche o cancellazioni o limitazioni del trattamento effettuate a norma dell\u2019articolo 16, dell\u2019articolo 17, paragrafo 1, e dell\u2019articolo 18, salvo che ci\u00f2 si riveli impossibile o implichi uno sforzo sproporzionato. Il titolare del trattamento comunica all\u2019interessato tali destinatari qualora l\u2019interessato lo richieda.\r\n\r\n&nbsp;\r\n\r\n<strong>Articolo 21 \u2013 Diritto di opposizione<\/strong>\r\n<ol>\r\n \t<li>L\u2019interessato ha il diritto di opporsi in qualsiasi momento, per motivi connessi alla sua situazione particolare, al trattamento dei dati personali che lo riguardano ai sensi dell\u2019articolo 6, paragrafo 1, lettere e) o f), compresa la profilazione sulla base di tali disposizioni. Il titolare del trattamento si astiene dal trattare ulteriormente i dati personali salvo che egli dimostri l\u2019esistenza di motivi legittimi cogenti per procedere al trattamento che prevalgono sugli interessi, sui diritti e sulle libert\u00e0 dell\u2019interessato oppure per l\u2019accertamento, l\u2019esercizio o la difesa di un diritto in sede giudiziaria.<\/li>\r\n \t<li>Qualora i dati personali siano trattati per finalit\u00e0 di marketing diretto, l\u2019interessato ha il diritto di opporsi in qualsiasi momento al trattamento dei dati personali che lo riguardano effettuato per tali finalit\u00e0, compresa la profilazione nella misura in cui sia connessa a tale marketing diretto.<\/li>\r\n \t<li>Qualora l\u2019interessato si opponga al trattamento per finalit\u00e0 di marketing diretto, i dati personali non sono pi\u00f9 oggetto di trattamento per tali finalit\u00e0.<\/li>\r\n \t<li>Il diritto di cui ai paragrafi 1 e 2 \u00e8 esplicitamente portato all\u2019attenzione dell\u2019interessato ed \u00e8 presentato chiaramente e separatamente da qualsiasi altra informazione al pi\u00f9 tardi al momento della prima comunicazione con l\u2019interessato.<\/li>\r\n \t<li>Nel contesto dell\u2019utilizzo di servizi della societ\u00e0 dell\u2019informazione e fatta salva la direttiva 2002\/58\/CE, l\u2019interessato pu\u00f2 esercitare il proprio diritto di opposizione con mezzi automatizzati che utilizzano specifiche tecniche.<\/li>\r\n \t<li>Qualora i dati personali siano trattati a fini di ricerca scientifica o storica o a fini statistici a norma dell\u2019articolo 89, paragrafo 1, l\u2019interessato, per motivi connessi alla sua situazione particolare, ha il diritto di opporsi al trattamento di dati personali che lo riguarda, salvo se il trattamento \u00e8 necessario per l\u2019esecuzione di un compito di interesse pubblico.<\/li>\r\n<\/ol>\r\n&nbsp;\r\n\r\n<strong>Articolo 22 \u2013 Processo decisionale automatizzato relativo alle persone fisiche, compresa la profilazione<\/strong>\r\n<ol>\r\n \t<li>L\u2019interessato ha il diritto di non essere sottoposto a una decisione basata unica mente sul trattamento automatizzato, compresa la profilazione, che produca effetti giuridici che lo riguardano o che incida in modo analogo significativamente sulla sua persona.<\/li>\r\n \t<li>Il paragrafo 1 non si applica nel caso in cui la decisione:<\/li>\r\n<\/ol>\r\n(a). sia necessaria per la conclusione o l\u2019esecuzione di un contratto tra l\u2019interessato e un titolare del trattamento;\r\n\r\n(b). sia autorizzata dal diritto dell\u2019Unione o dello Stato membro cui \u00e8 soggetto il titolare del trattamento, che precisa altres\u00ec misure adeguate a tutela dei diritti, delle libert\u00e0 e dei legittimi interessi dell\u2019interessato;\r\n\r\n(c). si basi sul consenso esplicito dell\u2019interessato.\r\n<ol start=\"3\">\r\n \t<li>Nei casi di cui al paragrafo 2, lettere a) e c), il titolare del trattamento attua misure appropriate per tutelare i diritti, le libert\u00e0 e i legittimi interessi dell\u2019interessato, almeno il diritto di ottenere l\u2019intervento umano da parte del titolare del trattamento, di esprimere la propria opinione e di contestare la decisione.<\/li>\r\n \t<li>Le decisioni di cui al paragrafo 2 non si basano sulle categorie particolari di dati personali di cui all\u2019articolo 9, paragrafo 1, a meno che non sia d\u2019applicazione l\u2019articolo 9, paragrafo 2, lettere a) o g), e non siano in vigore misure adeguate a tutela dei diritti, delle libert\u00e0 e dei legittimi interessi dell\u2019interessato.<\/li>\r\n<\/ol>\t\t\t\t\t\t<\/div>\n\t\t\t\t<\/div>\n\t\t\t\t\t<\/div>\n\t\t<\/div>\n\t\t\t\t\t<\/div>\n\t\t<\/section>\n\t\t\t\t<\/div>\n\t\t","protected":false},"excerpt":{"rendered":"<p>Privacy policy Privacy Policy secondo il Regolamento UE 2016\/679 (GDPR) Khatod Optoelectronic Srl in qualit\u00e0 di Titolare del Trattamento, informa che per l\u2019instaurazione e l\u2019esecuzione dei rapporti contrattuali in essere \u00e8 in possesso di alcuni dati anagrafici e fiscali, acquisiti anche verbalmente, direttamente o tramite terzi, qualificati dal Regolamento Europeo 2016\/679 dal (GDPR) come dati [&hellip;]<\/p>\n","protected":false},"author":1,"featured_media":0,"parent":0,"menu_order":0,"comment_status":"closed","ping_status":"closed","template":"elementor_header_footer","meta":{"_acf_changed":false,"footnotes":""},"acf":[],"yoast_head":"<!-- This site is optimized with the Yoast SEO plugin v22.4 - https:\/\/yoast.com\/wordpress\/plugins\/seo\/ -->\n<title>Privacy Policy | Khatod<\/title>\n<meta name=\"robots\" content=\"index, follow, max-snippet:-1, max-image-preview:large, max-video-preview:-1\" \/>\n<link rel=\"canonical\" href=\"https:\/\/www.khatod.com\/fr\/privacy-policy\/\" \/>\n<meta property=\"og:locale\" content=\"fr_FR\" \/>\n<meta property=\"og:type\" content=\"article\" \/>\n<meta property=\"og:title\" content=\"Privacy Policy | Khatod\" \/>\n<meta property=\"og:description\" content=\"Privacy policy Privacy Policy secondo il Regolamento UE 2016\/679 (GDPR) Khatod Optoelectronic Srl in qualit\u00e0 di Titolare del Trattamento, informa che per l\u2019instaurazione e l\u2019esecuzione dei rapporti contrattuali in essere \u00e8 in possesso di alcuni dati anagrafici e fiscali, acquisiti anche verbalmente, direttamente o tramite terzi, qualificati dal Regolamento Europeo 2016\/679 dal (GDPR) come dati [&hellip;]\" \/>\n<meta property=\"og:url\" content=\"https:\/\/www.khatod.com\/fr\/privacy-policy\/\" \/>\n<meta property=\"og:site_name\" content=\"Khatod\" \/>\n<meta property=\"article:publisher\" content=\"https:\/\/www.facebook.com\/KhatodOpto\/\" \/>\n<meta property=\"article:modified_time\" content=\"2023-05-17T13:57:23+00:00\" \/>\n<meta name=\"twitter:card\" content=\"summary_large_image\" \/>\n<meta name=\"twitter:label1\" content=\"Dur\u00e9e de lecture estim\u00e9e\" \/>\n\t<meta name=\"twitter:data1\" content=\"11 minutes\" \/>\n<!-- \/ Yoast SEO plugin. -->","yoast_head_json":{"title":"Privacy Policy | Khatod","robots":{"index":"index","follow":"follow","max-snippet":"max-snippet:-1","max-image-preview":"max-image-preview:large","max-video-preview":"max-video-preview:-1"},"canonical":"https:\/\/www.khatod.com\/fr\/privacy-policy\/","og_locale":"fr_FR","og_type":"article","og_title":"Privacy Policy | Khatod","og_description":"Privacy policy Privacy Policy secondo il Regolamento UE 2016\/679 (GDPR) Khatod Optoelectronic Srl in qualit\u00e0 di Titolare del Trattamento, informa che per l\u2019instaurazione e l\u2019esecuzione dei rapporti contrattuali in essere \u00e8 in possesso di alcuni dati anagrafici e fiscali, acquisiti anche verbalmente, direttamente o tramite terzi, qualificati dal Regolamento Europeo 2016\/679 dal (GDPR) come dati [&hellip;]","og_url":"https:\/\/www.khatod.com\/fr\/privacy-policy\/","og_site_name":"Khatod","article_publisher":"https:\/\/www.facebook.com\/KhatodOpto\/","article_modified_time":"2023-05-17T13:57:23+00:00","twitter_card":"summary_large_image","twitter_misc":{"Dur\u00e9e de lecture estim\u00e9e":"11 minutes"},"schema":{"@context":"https:\/\/schema.org","@graph":[{"@type":"WebPage","@id":"https:\/\/www.khatod.com\/fr\/privacy-policy\/","url":"https:\/\/www.khatod.com\/fr\/privacy-policy\/","name":"Privacy Policy | Khatod","isPartOf":{"@id":"https:\/\/www.khatod.com\/fr\/#website"},"datePublished":"2022-10-13T13:10:44+00:00","dateModified":"2023-05-17T13:57:23+00:00","breadcrumb":{"@id":"https:\/\/www.khatod.com\/fr\/privacy-policy\/#breadcrumb"},"inLanguage":"fr-FR","potentialAction":[{"@type":"ReadAction","target":["https:\/\/www.khatod.com\/fr\/privacy-policy\/"]}]},{"@type":"BreadcrumbList","@id":"https:\/\/www.khatod.com\/fr\/privacy-policy\/#breadcrumb","itemListElement":[{"@type":"ListItem","position":1,"name":"Home","item":"https:\/\/www.khatod.com\/fr\/"},{"@type":"ListItem","position":2,"name":"Privacy Policy"}]},{"@type":"WebSite","@id":"https:\/\/www.khatod.com\/fr\/#website","url":"https:\/\/www.khatod.com\/fr\/","name":"Khatod","description":"Optical Solutions for LED Lighting and Components","publisher":{"@id":"https:\/\/www.khatod.com\/fr\/#organization"},"potentialAction":[{"@type":"SearchAction","target":{"@type":"EntryPoint","urlTemplate":"https:\/\/www.khatod.com\/fr\/?s={search_term_string}"},"query-input":"required name=search_term_string"}],"inLanguage":"fr-FR"},{"@type":"Organization","@id":"https:\/\/www.khatod.com\/fr\/#organization","name":"Khatod Optoelectronic Srl","url":"https:\/\/www.khatod.com\/fr\/","logo":{"@type":"ImageObject","inLanguage":"fr-FR","@id":"https:\/\/www.khatod.com\/fr\/#\/schema\/logo\/image\/","url":"https:\/\/www.khatod.com\/wp-content\/uploads\/khatod-logo.png","contentUrl":"https:\/\/www.khatod.com\/wp-content\/uploads\/khatod-logo.png","width":1838,"height":483,"caption":"Khatod Optoelectronic Srl"},"image":{"@id":"https:\/\/www.khatod.com\/fr\/#\/schema\/logo\/image\/"},"sameAs":["https:\/\/www.facebook.com\/KhatodOpto\/","https:\/\/www.youtube.com\/user\/khatodoptolectronic","https:\/\/www.linkedin.com\/company\/khatod-srl","https:\/\/www.instagram.com\/KhatodOpto\/"]}]}},"_links":{"self":[{"href":"https:\/\/www.khatod.com\/fr\/wp-json\/wp\/v2\/pages\/43469"}],"collection":[{"href":"https:\/\/www.khatod.com\/fr\/wp-json\/wp\/v2\/pages"}],"about":[{"href":"https:\/\/www.khatod.com\/fr\/wp-json\/wp\/v2\/types\/page"}],"author":[{"embeddable":true,"href":"https:\/\/www.khatod.com\/fr\/wp-json\/wp\/v2\/users\/1"}],"replies":[{"embeddable":true,"href":"https:\/\/www.khatod.com\/fr\/wp-json\/wp\/v2\/comments?post=43469"}],"version-history":[{"count":0,"href":"https:\/\/www.khatod.com\/fr\/wp-json\/wp\/v2\/pages\/43469\/revisions"}],"wp:attachment":[{"href":"https:\/\/www.khatod.com\/fr\/wp-json\/wp\/v2\/media?parent=43469"}],"curies":[{"name":"wp","href":"https:\/\/api.w.org\/{rel}","templated":true}]}}