{"id":33523,"date":"2022-12-06T11:03:50","date_gmt":"2022-12-06T10:03:50","guid":{"rendered":"https:\/\/www.khatod.com\/servicio-de-gestion-de-pedidos\/"},"modified":"2023-04-03T12:28:36","modified_gmt":"2023-04-03T10:28:36","slug":"servicio-de-gestion-de-pedidos","status":"publish","type":"page","link":"https:\/\/www.khatod.com\/es\/servicio-de-gestion-de-pedidos\/","title":{"rendered":"Servicio de Gesti\u00f3n de Pedidos"},"content":{"rendered":"\t\t<div data-elementor-type=\"wp-page\" data-elementor-id=\"33523\" class=\"elementor elementor-33523 elementor-2029\" data-elementor-post-type=\"page\">\n\t\t\t\t\t\t<section class=\"ob-is-breaking-bad elementor-section elementor-top-section elementor-element elementor-element-487d266 elementor-section-full_width elementor-section-height-min-height elementor-section-height-default elementor-section-items-middle\" data-dce-background-overlay-color=\"#000000\" data-dce-background-image-url=\"https:\/\/www.khatod.com\/wp-content\/uploads\/Scorri-gruppo-21.png\" data-id=\"487d266\" data-element_type=\"section\" data-settings=\"{&quot;background_background&quot;:&quot;classic&quot;,&quot;_ob_bbad_use_it&quot;:&quot;yes&quot;,&quot;_ob_bbad_sssic_use&quot;:&quot;no&quot;,&quot;_ob_glider_is_slider&quot;:&quot;no&quot;}\">\n\t\t\t\t\t\t\t<div class=\"elementor-background-overlay\"><\/div>\n\t\t\t\t\t\t\t<div class=\"elementor-container elementor-column-gap-no\">\n\t\t\t\t\t<div class=\"elementor-column elementor-col-100 elementor-top-column elementor-element elementor-element-77593d0\" data-id=\"77593d0\" data-element_type=\"column\" data-settings=\"{&quot;_ob_bbad_is_stalker&quot;:&quot;no&quot;,&quot;_ob_teleporter_use&quot;:false,&quot;_ob_column_hoveranimator&quot;:&quot;no&quot;,&quot;_ob_column_has_pseudo&quot;:&quot;no&quot;}\">\n\t\t\t<div class=\"elementor-widget-wrap elementor-element-populated\">\n\t\t\t\t\t\t<div class=\"elementor-element elementor-element-65a78bf ob-harakiri-inherit ob-has-background-overlay elementor-widget elementor-widget-heading\" data-id=\"65a78bf\" data-element_type=\"widget\" data-settings=\"{&quot;_ob_use_harakiri&quot;:&quot;yes&quot;,&quot;_ob_harakiri_writing_mode&quot;:&quot;inherit&quot;,&quot;_ob_harakiri_text_clip&quot;:&quot;none&quot;,&quot;_ob_perspektive_use&quot;:&quot;no&quot;,&quot;_ob_poopart_use&quot;:&quot;yes&quot;,&quot;_ob_shadough_use&quot;:&quot;no&quot;,&quot;_ob_allow_hoveranimator&quot;:&quot;no&quot;,&quot;_ob_widget_stalker_use&quot;:&quot;no&quot;}\" data-widget_type=\"heading.default\">\n\t\t\t\t<div class=\"elementor-widget-container\">\n\t\t\t<h1 class=\"elementor-heading-title elementor-size-default\">Servicio de Gesti\u00f3n de Pedidos<\/h1>\t\t<\/div>\n\t\t\t\t<\/div>\n\t\t\t\t<div class=\"elementor-element elementor-element-0eeec4b elementor-align-center ob-has-background-overlay elementor-widget elementor-widget-breadcrumbs\" data-id=\"0eeec4b\" data-element_type=\"widget\" data-settings=\"{&quot;_ob_perspektive_use&quot;:&quot;no&quot;,&quot;_ob_poopart_use&quot;:&quot;yes&quot;,&quot;_ob_shadough_use&quot;:&quot;no&quot;,&quot;_ob_allow_hoveranimator&quot;:&quot;no&quot;,&quot;_ob_widget_stalker_use&quot;:&quot;no&quot;}\" data-widget_type=\"breadcrumbs.default\">\n\t\t\t\t<div class=\"elementor-widget-container\">\n\t\t\t<p id=\"breadcrumbs\"><span><span><a href=\"https:\/\/www.khatod.com\/es\/\">Home<\/a><\/span><\/span><\/p>\t\t<\/div>\n\t\t\t\t<\/div>\n\t\t\t\t\t<\/div>\n\t\t<\/div>\n\t\t\t\t\t<\/div>\n\t\t<\/section>\n\t\t\t\t<section class=\"ob-is-breaking-bad elementor-section elementor-top-section elementor-element elementor-element-52cf06a elementor-section-content-middle elementor-section-boxed elementor-section-height-default elementor-section-height-default\" data-dce-background-color=\"#051E31\" data-id=\"52cf06a\" data-element_type=\"section\" data-settings=\"{&quot;background_background&quot;:&quot;classic&quot;,&quot;_ob_bbad_use_it&quot;:&quot;yes&quot;,&quot;_ob_bbad_sssic_use&quot;:&quot;no&quot;,&quot;_ob_glider_is_slider&quot;:&quot;no&quot;}\">\n\t\t\t\t\t\t<div class=\"elementor-container elementor-column-gap-default\">\n\t\t\t\t\t<div class=\"elementor-column elementor-col-100 elementor-top-column elementor-element elementor-element-93d6567\" data-id=\"93d6567\" data-element_type=\"column\" data-settings=\"{&quot;_ob_bbad_is_stalker&quot;:&quot;no&quot;,&quot;_ob_teleporter_use&quot;:false,&quot;_ob_column_hoveranimator&quot;:&quot;no&quot;,&quot;_ob_column_has_pseudo&quot;:&quot;no&quot;}\">\n\t\t\t<div class=\"elementor-widget-wrap elementor-element-populated\">\n\t\t\t\t\t\t<div class=\"elementor-element elementor-element-ba4fb72 ob-harakiri-inherit ob-has-background-overlay elementor-widget elementor-widget-text-editor\" data-id=\"ba4fb72\" data-element_type=\"widget\" data-settings=\"{&quot;_ob_use_harakiri&quot;:&quot;yes&quot;,&quot;_ob_harakiri_writing_mode&quot;:&quot;inherit&quot;,&quot;_ob_postman_use&quot;:&quot;no&quot;,&quot;_ob_perspektive_use&quot;:&quot;no&quot;,&quot;_ob_poopart_use&quot;:&quot;yes&quot;,&quot;_ob_shadough_use&quot;:&quot;no&quot;,&quot;_ob_allow_hoveranimator&quot;:&quot;no&quot;,&quot;_ob_widget_stalker_use&quot;:&quot;no&quot;}\" data-widget_type=\"text-editor.default\">\n\t\t\t\t<div class=\"elementor-widget-container\">\n\t\t\t\t\t\t\t<p>Ning\u00fan proyecto puede completarse sin la asistencia adecuada. Un eficiente ciclo desde el pedido hasta la entrega y un inventario preciso permiten que nuestros clientes sean m\u00e1s competitivos en el mercado.<br \/>\nDesde la recepci\u00f3n del pedido hasta su cumplimiento, nuestro personal calificado se ocupar\u00e1 de sus consultas y solicitudes, proporcionando un soporte real para su negocio:<\/p>\n\t\t\t\t\t\t<\/div>\n\t\t\t\t<\/div>\n\t\t\t\t\t<\/div>\n\t\t<\/div>\n\t\t\t\t\t<\/div>\n\t\t<\/section>\n\t\t\t\t<section class=\"ob-is-breaking-bad elementor-section elementor-top-section elementor-element elementor-element-ff215dd elementor-section-full_width elementor-section-height-default elementor-section-height-default\" data-id=\"ff215dd\" data-element_type=\"section\" data-settings=\"{&quot;_ob_bbad_use_it&quot;:&quot;yes&quot;,&quot;_ob_bbad_sssic_use&quot;:&quot;no&quot;,&quot;_ob_glider_is_slider&quot;:&quot;no&quot;}\">\n\t\t\t\t\t\t<div class=\"elementor-container elementor-column-gap-default\">\n\t\t\t\t\t<div class=\"elementor-column elementor-col-50 elementor-top-column elementor-element elementor-element-dec554f\" data-id=\"dec554f\" data-element_type=\"column\" data-settings=\"{&quot;_ob_bbad_is_stalker&quot;:&quot;no&quot;,&quot;_ob_teleporter_use&quot;:false,&quot;_ob_column_hoveranimator&quot;:&quot;no&quot;,&quot;_ob_column_has_pseudo&quot;:&quot;no&quot;}\">\n\t\t\t<div class=\"elementor-widget-wrap elementor-element-populated\">\n\t\t\t\t\t\t<div class=\"elementor-element elementor-element-ae721c1 ob-harakiri-inherit ob-has-background-overlay elementor-widget elementor-widget-heading\" data-id=\"ae721c1\" data-element_type=\"widget\" data-settings=\"{&quot;_ob_use_harakiri&quot;:&quot;yes&quot;,&quot;_ob_harakiri_writing_mode&quot;:&quot;inherit&quot;,&quot;_ob_harakiri_text_clip&quot;:&quot;none&quot;,&quot;_ob_perspektive_use&quot;:&quot;no&quot;,&quot;_ob_poopart_use&quot;:&quot;yes&quot;,&quot;_ob_shadough_use&quot;:&quot;no&quot;,&quot;_ob_allow_hoveranimator&quot;:&quot;no&quot;,&quot;_ob_widget_stalker_use&quot;:&quot;no&quot;}\" data-widget_type=\"heading.default\">\n\t\t\t\t<div class=\"elementor-widget-container\">\n\t\t\t<h2 class=\"elementor-heading-title elementor-size-default\">Departamento de log\u00edstica<\/h2>\t\t<\/div>\n\t\t\t\t<\/div>\n\t\t\t\t<div class=\"elementor-element elementor-element-a9aa645 ob-harakiri-inherit ob-has-background-overlay elementor-widget elementor-widget-text-editor\" data-id=\"a9aa645\" data-element_type=\"widget\" data-settings=\"{&quot;_ob_use_harakiri&quot;:&quot;yes&quot;,&quot;_ob_harakiri_writing_mode&quot;:&quot;inherit&quot;,&quot;_ob_postman_use&quot;:&quot;no&quot;,&quot;_ob_perspektive_use&quot;:&quot;no&quot;,&quot;_ob_poopart_use&quot;:&quot;yes&quot;,&quot;_ob_shadough_use&quot;:&quot;no&quot;,&quot;_ob_allow_hoveranimator&quot;:&quot;no&quot;,&quot;_ob_widget_stalker_use&quot;:&quot;no&quot;}\" data-widget_type=\"text-editor.default\">\n\t\t\t\t<div class=\"elementor-widget-container\">\n\t\t\t\t\t\t\t<p>Etiquetado de codificaci\u00f3n: <strong>EAN39<br \/>\n<\/strong><\/p>\n<p>Embalaje: <strong>Bolsa \/ Skin Pack \/ Bandeja<\/strong><\/p>\n<p>Manejo de existencias: <strong>ROBOT \/ SISTEMA GPS<\/strong><\/p>\n<p>Env\u00edos:\u00a0<strong>mundo<\/strong><\/p>\n\t\t\t\t\t\t<\/div>\n\t\t\t\t<\/div>\n\t\t\t\t\t<\/div>\n\t\t<\/div>\n\t\t\t\t<div data-dce-background-image-url=\"https:\/\/www.khatod.com\/wp-content\/uploads\/Khatod-azienda-alto.jpg\" class=\"elementor-column elementor-col-50 elementor-top-column elementor-element elementor-element-e530c01\" data-id=\"e530c01\" data-element_type=\"column\" data-settings=\"{&quot;background_background&quot;:&quot;classic&quot;,&quot;_ob_bbad_is_stalker&quot;:&quot;no&quot;,&quot;_ob_teleporter_use&quot;:false,&quot;_ob_column_hoveranimator&quot;:&quot;no&quot;,&quot;_ob_column_has_pseudo&quot;:&quot;no&quot;}\">\n\t\t\t<div class=\"elementor-widget-wrap elementor-element-populated\">\n\t\t\t\t\t\t<div class=\"elementor-element elementor-element-72e7c7b ob-has-background-overlay elementor-widget elementor-widget-spacer\" data-id=\"72e7c7b\" data-element_type=\"widget\" data-settings=\"{&quot;_ob_spacerat_use&quot;:&quot;no&quot;,&quot;_ob_perspektive_use&quot;:&quot;no&quot;,&quot;_ob_poopart_use&quot;:&quot;yes&quot;,&quot;_ob_shadough_use&quot;:&quot;no&quot;,&quot;_ob_allow_hoveranimator&quot;:&quot;no&quot;,&quot;_ob_widget_stalker_use&quot;:&quot;no&quot;}\" data-widget_type=\"spacer.default\">\n\t\t\t\t<div class=\"elementor-widget-container\">\n\t\t\t\t\t<div class=\"elementor-spacer\">\n\t\t\t<div class=\"elementor-spacer-inner\"><\/div>\n\t\t<\/div>\n\t\t\t\t<\/div>\n\t\t\t\t<\/div>\n\t\t\t\t\t<\/div>\n\t\t<\/div>\n\t\t\t\t\t<\/div>\n\t\t<\/section>\n\t\t\t\t<\/div>\n\t\t","protected":false},"excerpt":{"rendered":"<p>Servicio de Gesti\u00f3n de Pedidos Ning\u00fan proyecto puede completarse sin la asistencia adecuada. Un eficiente ciclo desde el pedido hasta la entrega y un inventario preciso permiten que nuestros clientes sean m\u00e1s competitivos en el mercado. Desde la recepci\u00f3n del pedido hasta su cumplimiento, nuestro personal calificado se ocupar\u00e1 de sus consultas y solicitudes, proporcionando [&hellip;]<\/p>\n","protected":false},"author":1,"featured_media":0,"parent":0,"menu_order":0,"comment_status":"closed","ping_status":"closed","template":"elementor_header_footer","meta":{"_acf_changed":false,"footnotes":""},"acf":[],"yoast_head":"<!-- This site is optimized with the Yoast SEO plugin v22.4 - https:\/\/yoast.com\/wordpress\/plugins\/seo\/ -->\n<title>Servicio de Gesti\u00f3n de Pedidos | Khatod<\/title>\n<meta name=\"robots\" content=\"index, follow, max-snippet:-1, max-image-preview:large, max-video-preview:-1\" \/>\n<link rel=\"canonical\" href=\"https:\/\/www.khatod.com\/es\/servicio-de-gestion-de-pedidos\/\" \/>\n<meta property=\"og:locale\" content=\"es_ES\" \/>\n<meta property=\"og:type\" content=\"article\" \/>\n<meta property=\"og:title\" content=\"Servicio de Gesti\u00f3n de Pedidos | Khatod\" \/>\n<meta property=\"og:description\" content=\"Servicio de Gesti\u00f3n de Pedidos Ning\u00fan proyecto puede completarse sin la asistencia adecuada. Un eficiente ciclo desde el pedido hasta la entrega y un inventario preciso permiten que nuestros clientes sean m\u00e1s competitivos en el mercado. Desde la recepci\u00f3n del pedido hasta su cumplimiento, nuestro personal calificado se ocupar\u00e1 de sus consultas y solicitudes, proporcionando [&hellip;]\" \/>\n<meta property=\"og:url\" content=\"https:\/\/www.khatod.com\/es\/servicio-de-gestion-de-pedidos\/\" \/>\n<meta property=\"og:site_name\" content=\"Khatod\" \/>\n<meta property=\"article:publisher\" content=\"https:\/\/www.facebook.com\/KhatodOpto\/\" \/>\n<meta property=\"article:modified_time\" content=\"2023-04-03T10:28:36+00:00\" \/>\n<meta name=\"twitter:card\" content=\"summary_large_image\" \/>\n<!-- \/ Yoast SEO plugin. -->","yoast_head_json":{"title":"Servicio de Gesti\u00f3n de Pedidos | Khatod","robots":{"index":"index","follow":"follow","max-snippet":"max-snippet:-1","max-image-preview":"max-image-preview:large","max-video-preview":"max-video-preview:-1"},"canonical":"https:\/\/www.khatod.com\/es\/servicio-de-gestion-de-pedidos\/","og_locale":"es_ES","og_type":"article","og_title":"Servicio de Gesti\u00f3n de Pedidos | Khatod","og_description":"Servicio de Gesti\u00f3n de Pedidos Ning\u00fan proyecto puede completarse sin la asistencia adecuada. Un eficiente ciclo desde el pedido hasta la entrega y un inventario preciso permiten que nuestros clientes sean m\u00e1s competitivos en el mercado. Desde la recepci\u00f3n del pedido hasta su cumplimiento, nuestro personal calificado se ocupar\u00e1 de sus consultas y solicitudes, proporcionando [&hellip;]","og_url":"https:\/\/www.khatod.com\/es\/servicio-de-gestion-de-pedidos\/","og_site_name":"Khatod","article_publisher":"https:\/\/www.facebook.com\/KhatodOpto\/","article_modified_time":"2023-04-03T10:28:36+00:00","twitter_card":"summary_large_image","schema":{"@context":"https:\/\/schema.org","@graph":[{"@type":"WebPage","@id":"https:\/\/www.khatod.com\/es\/servicio-de-gestion-de-pedidos\/","url":"https:\/\/www.khatod.com\/es\/servicio-de-gestion-de-pedidos\/","name":"Servicio de Gesti\u00f3n de Pedidos | Khatod","isPartOf":{"@id":"https:\/\/www.khatod.com\/es\/#website"},"datePublished":"2022-12-06T10:03:50+00:00","dateModified":"2023-04-03T10:28:36+00:00","breadcrumb":{"@id":"https:\/\/www.khatod.com\/es\/servicio-de-gestion-de-pedidos\/#breadcrumb"},"inLanguage":"es","potentialAction":[{"@type":"ReadAction","target":["https:\/\/www.khatod.com\/es\/servicio-de-gestion-de-pedidos\/"]}]},{"@type":"BreadcrumbList","@id":"https:\/\/www.khatod.com\/es\/servicio-de-gestion-de-pedidos\/#breadcrumb","itemListElement":[{"@type":"ListItem","position":1,"name":"Home","item":"https:\/\/www.khatod.com\/es\/"},{"@type":"ListItem","position":2,"name":"Servicio de Gesti\u00f3n de Pedidos"}]},{"@type":"WebSite","@id":"https:\/\/www.khatod.com\/es\/#website","url":"https:\/\/www.khatod.com\/es\/","name":"Khatod","description":"Optical Solutions for LED Lighting and Components","publisher":{"@id":"https:\/\/www.khatod.com\/es\/#organization"},"potentialAction":[{"@type":"SearchAction","target":{"@type":"EntryPoint","urlTemplate":"https:\/\/www.khatod.com\/es\/?s={search_term_string}"},"query-input":"required name=search_term_string"}],"inLanguage":"es"},{"@type":"Organization","@id":"https:\/\/www.khatod.com\/es\/#organization","name":"Khatod Optoelectronic Srl","url":"https:\/\/www.khatod.com\/es\/","logo":{"@type":"ImageObject","inLanguage":"es","@id":"https:\/\/www.khatod.com\/es\/#\/schema\/logo\/image\/","url":"https:\/\/www.khatod.com\/wp-content\/uploads\/khatod-logo.png","contentUrl":"https:\/\/www.khatod.com\/wp-content\/uploads\/khatod-logo.png","width":1838,"height":483,"caption":"Khatod Optoelectronic Srl"},"image":{"@id":"https:\/\/www.khatod.com\/es\/#\/schema\/logo\/image\/"},"sameAs":["https:\/\/www.facebook.com\/KhatodOpto\/","https:\/\/www.youtube.com\/user\/khatodoptolectronic","https:\/\/www.linkedin.com\/company\/khatod-srl","https:\/\/www.instagram.com\/KhatodOpto\/"]}]}},"_links":{"self":[{"href":"https:\/\/www.khatod.com\/es\/wp-json\/wp\/v2\/pages\/33523"}],"collection":[{"href":"https:\/\/www.khatod.com\/es\/wp-json\/wp\/v2\/pages"}],"about":[{"href":"https:\/\/www.khatod.com\/es\/wp-json\/wp\/v2\/types\/page"}],"author":[{"embeddable":true,"href":"https:\/\/www.khatod.com\/es\/wp-json\/wp\/v2\/users\/1"}],"replies":[{"embeddable":true,"href":"https:\/\/www.khatod.com\/es\/wp-json\/wp\/v2\/comments?post=33523"}],"version-history":[{"count":0,"href":"https:\/\/www.khatod.com\/es\/wp-json\/wp\/v2\/pages\/33523\/revisions"}],"wp:attachment":[{"href":"https:\/\/www.khatod.com\/es\/wp-json\/wp\/v2\/media?parent=33523"}],"curies":[{"name":"wp","href":"https:\/\/api.w.org\/{rel}","templated":true}]}}